{"id":54,"date":"2019-09-10T21:13:18","date_gmt":"2019-09-10T19:13:18","guid":{"rendered":"http:\/\/blog\/?page_id=54"},"modified":"2020-11-02T09:44:00","modified_gmt":"2020-11-02T08:44:00","slug":"ueber-den-heid","status":"publish","type":"page","link":"https:\/\/wanderer.hopto.org\/","title":{"rendered":"Heid"},"content":{"rendered":"\n<p class=\"has-drop-cap has-text-align-center\">Zu Fu\u00df gehen war eine Strafe f\u00fcr ihn. Was hat er nicht alles angestellt, um den M\u00e4rschen  mit per Befehl passenden Schuhen im Rahmen der Verteidigung des Rechtes und der Freiheit des deutschen Vaterlandes zu entkommen.<\/p>\n\n\n\n<p class=\"has-text-align-center\">Hartn\u00e4ckig beharrte seine Gehen affine Frau sp\u00e4ter, sie auf Ihren Spazierg\u00e4ngen zu begleiten. Sie wurden l\u00e4nger und l\u00e4nger und h\u00e4ufiger und h\u00e4ufiger.  Und schlie\u00dflich waren da wirklich Wanderungen, die immer mehr seiner freien Zeit einnahmen. Freilich jetzt mit angemessener Ausr\u00fcstung.<\/p>\n\n\n\n<p class=\"has-text-align-center\">Anfangs war die abschlie\u00dfende Einkehr in einem Gasthaus mit einer gro\u00dfen Radlerma\u00df und einer opulenten Brotzeit der gr\u00f6\u00dfte Reiz.  Lag eine Eisdiele auf dem Weg, hatte er auch nichts gegen kr\u00f6nende f\u00fcnf Kugeln Schokolade mit Schlagsahne einzuwenden. Heute ist das Durchstreifen einer Landschaft  alleine und das Auseinandersetzen mit den gewonnenen unersch\u00f6pflichen  Natur- und Kulturerfahrungen im besonderen einer seiner liebsten T\u00e4tigkeiten. <\/p>\n\n\n\n<p class=\"has-text-align-center\">Eines Tages beschloss er dann sogar, vom Anfang der Welt zu ihrem Ende zu pilgern. Nach dem Start am Geburtsort, dem Kreissaal im ehemaligen Riedenburger Krankenhaus, kommt er nun dem westlichsten Punkt auf dem europ\u00e4ischen Kontinent, dem Finis Terre,  Jahr f\u00fcr Jahr ein paar Schritte n\u00e4her.<\/p>\n\n\n\n<p class=\"has-text-align-center\">Weil er alles viel zu schnell vergisst, h\u00e4lt er seine Erlebnisse in einem Tagebuch fest.<\/p>\n","protected":false},"excerpt":{"rendered":"<p>Zu Fu\u00df gehen war eine Strafe f\u00fcr ihn. Was hat er nicht alles angestellt, um den M\u00e4rschen mit per Befehl passenden Schuhen im Rahmen der Verteidigung des Rechtes und der Freiheit des deutschen Vaterlandes zu entkommen. Hartn\u00e4ckig beharrte seine Gehen affine Frau sp\u00e4ter, sie auf Ihren Spazierg\u00e4ngen zu begleiten. Sie wurden l\u00e4nger und l\u00e4nger und &hellip; <\/p>\n<p class=\"link-more\"><a href=\"https:\/\/wanderer.hopto.org\/\" class=\"more-link\"><span class=\"screen-reader-text\">\u201eHeid\u201c<\/span> weiterlesen<\/a><\/p>\n","protected":false},"author":1,"featured_media":203,"parent":0,"menu_order":0,"comment_status":"closed","ping_status":"closed","template":"","meta":{"footnotes":""},"class_list":["post-54","page","type-page","status-publish","has-post-thumbnail","hentry"],"_links":{"self":[{"href":"https:\/\/wanderer.hopto.org\/index.php\/wp-json\/wp\/v2\/pages\/54","targetHints":{"allow":["GET"]}}],"collection":[{"href":"https:\/\/wanderer.hopto.org\/index.php\/wp-json\/wp\/v2\/pages"}],"about":[{"href":"https:\/\/wanderer.hopto.org\/index.php\/wp-json\/wp\/v2\/types\/page"}],"author":[{"embeddable":true,"href":"https:\/\/wanderer.hopto.org\/index.php\/wp-json\/wp\/v2\/users\/1"}],"replies":[{"embeddable":true,"href":"https:\/\/wanderer.hopto.org\/index.php\/wp-json\/wp\/v2\/comments?post=54"}],"version-history":[{"count":1,"href":"https:\/\/wanderer.hopto.org\/index.php\/wp-json\/wp\/v2\/pages\/54\/revisions"}],"predecessor-version":[{"id":2550,"href":"https:\/\/wanderer.hopto.org\/index.php\/wp-json\/wp\/v2\/pages\/54\/revisions\/2550"}],"wp:featuredmedia":[{"embeddable":true,"href":"https:\/\/wanderer.hopto.org\/index.php\/wp-json\/wp\/v2\/media\/203"}],"wp:attachment":[{"href":"https:\/\/wanderer.hopto.org\/index.php\/wp-json\/wp\/v2\/media?parent=54"}],"curies":[{"name":"wp","href":"https:\/\/api.w.org\/{rel}","templated":true}]}}