{"id":1196,"date":"2019-11-15T11:03:10","date_gmt":"2019-11-15T10:03:10","guid":{"rendered":"https:\/\/wanderer.hopto.org\/?page_id=1196"},"modified":"2019-11-15T16:20:25","modified_gmt":"2019-11-15T15:20:25","slug":"impressum","status":"publish","type":"page","link":"https:\/\/wanderer.hopto.org\/index.php\/impressum\/","title":{"rendered":"Impressum"},"content":{"rendered":"\n<p class=\"has-text-align-center\"><strong>Verantwortlich<\/strong><br>Heid Josef sen.<br>Paintener Weg 12<br>93155 Hemau<\/p>\n\n\n\n<p class=\"has-text-align-center\"><strong>Haftungshinweis<\/strong><br>Ich \u00fcbernehme keine Haftung f\u00fcr die Inhalte externer Links, daf\u00fcr sind ausschlie\u00dflich deren Betreiber verantwortlich.<\/p>\n\n\n\n<p class=\"has-text-align-center\">Ich bin bem\u00fcht, mein Webangebot stets aktuell und inhaltlich richtig sowie vollst\u00e4ndig anzubieten. Dennoch ist das Auftreten von Fehlern nicht v\u00f6llig auszuschlie\u00dfen. Ich \u00fcbernehme keine Haftung f\u00fcr die Aktualit\u00e4t, die inhaltliche Richtigkeit sowie f\u00fcr die Vollst\u00e4ndigkeit der eingestellten Informationen. Dies bezieht sich auf eventuelle Sch\u00e4den materieller oder ideeller Art Dritter, die durch die Nutzung dieses Webangebotes verursacht wurden.<\/p>\n\n\n\n<p class=\"has-text-align-center\">Gesch\u00fctzte Marken und Namen, Bilder und Texte werden auf meinen Seiten in der Regel nicht als solche kenntlich gemacht. Das Fehlen einer solchen Kennzeichnung bedeutet jedoch nicht, dass es sich um einen freien Namen, ein freies Bild oder einen freien Text im Sinne des Markenzeichenrechts handelt.<\/p>\n\n\n\n<p class=\"has-text-align-center\">Dieses Webangebot verfolgt keine kommerziellen Ziele irgendwelcher Art. Es dient alleine dem Gaudium des Verantwortlichen.<\/p>\n\n\n\n<p class=\"has-text-align-center\">Es werden keine personenbezogenen Daten erfasst. Insbesondere werden keine Cookies gesetzt.<\/p>\n","protected":false},"excerpt":{"rendered":"<p>VerantwortlichHeid Josef sen.Paintener Weg 1293155 Hemau HaftungshinweisIch \u00fcbernehme keine Haftung f\u00fcr die Inhalte externer Links, daf\u00fcr sind ausschlie\u00dflich deren Betreiber verantwortlich. Ich bin bem\u00fcht, mein Webangebot stets aktuell und inhaltlich richtig sowie vollst\u00e4ndig anzubieten. Dennoch ist das Auftreten von Fehlern nicht v\u00f6llig auszuschlie\u00dfen. Ich \u00fcbernehme keine Haftung f\u00fcr die Aktualit\u00e4t, die inhaltliche Richtigkeit sowie f\u00fcr &hellip; <\/p>\n<p class=\"link-more\"><a href=\"https:\/\/wanderer.hopto.org\/index.php\/impressum\/\" class=\"more-link\"><span class=\"screen-reader-text\">\u201eImpressum\u201c<\/span> weiterlesen<\/a><\/p>\n","protected":false},"author":1,"featured_media":0,"parent":0,"menu_order":0,"comment_status":"closed","ping_status":"closed","template":"","meta":{"footnotes":""},"class_list":["post-1196","page","type-page","status-publish","hentry"],"_links":{"self":[{"href":"https:\/\/wanderer.hopto.org\/index.php\/wp-json\/wp\/v2\/pages\/1196","targetHints":{"allow":["GET"]}}],"collection":[{"href":"https:\/\/wanderer.hopto.org\/index.php\/wp-json\/wp\/v2\/pages"}],"about":[{"href":"https:\/\/wanderer.hopto.org\/index.php\/wp-json\/wp\/v2\/types\/page"}],"author":[{"embeddable":true,"href":"https:\/\/wanderer.hopto.org\/index.php\/wp-json\/wp\/v2\/users\/1"}],"replies":[{"embeddable":true,"href":"https:\/\/wanderer.hopto.org\/index.php\/wp-json\/wp\/v2\/comments?post=1196"}],"version-history":[{"count":2,"href":"https:\/\/wanderer.hopto.org\/index.php\/wp-json\/wp\/v2\/pages\/1196\/revisions"}],"predecessor-version":[{"id":1235,"href":"https:\/\/wanderer.hopto.org\/index.php\/wp-json\/wp\/v2\/pages\/1196\/revisions\/1235"}],"wp:attachment":[{"href":"https:\/\/wanderer.hopto.org\/index.php\/wp-json\/wp\/v2\/media?parent=1196"}],"curies":[{"name":"wp","href":"https:\/\/api.w.org\/{rel}","templated":true}]}}